{"id":2137,"date":"2025-01-15T12:23:28","date_gmt":"2025-01-15T12:23:28","guid":{"rendered":"https:\/\/itiweb.com.br\/agenciadigital\/?page_id=2137"},"modified":"2025-01-15T14:02:53","modified_gmt":"2025-01-15T14:02:53","slug":"portfolio","status":"publish","type":"page","link":"https:\/\/itiweb.com.br\/agenciadigital\/portfolio\/","title":{"rendered":"Portfolio"},"content":{"rendered":"\t\t<div data-elementor-type=\"wp-page\" data-elementor-id=\"2137\" class=\"elementor elementor-2137\" data-elementor-post-type=\"page\">\n\t\t\t\t<div class=\"elementor-element elementor-element-2fd1ec9 e-flex e-con-boxed elementor-invisible e-con e-parent\" data-id=\"2fd1ec9\" data-element_type=\"container\" data-settings=\"{&quot;background_background&quot;:&quot;classic&quot;,&quot;animation&quot;:&quot;fadeIn&quot;}\">\n\t\t\t\t\t<div class=\"e-con-inner\">\n\t\t<div class=\"elementor-element elementor-element-d035bb6 e-con-full e-flex e-con e-child\" data-id=\"d035bb6\" data-element_type=\"container\">\n\t\t\t\t<div class=\"elementor-element elementor-element-e665335 elementor-widget elementor-widget-text-editor\" data-id=\"e665335\" data-element_type=\"widget\" data-widget_type=\"text-editor.default\">\n\t\t\t\t<div class=\"elementor-widget-container\">\n\t\t\t\t\t\t\t\t\t<p>Conhe\u00e7a e explore alguns de nossos trabalhos\u00a0<\/p>\t\t\t\t\t\t\t\t<\/div>\n\t\t\t\t<\/div>\n\t\t\t\t<\/div>\n\t\t\t\t\t<\/div>\n\t\t\t\t<\/div>\n\t\t<div class=\"elementor-element elementor-element-5f7baf6 e-flex e-con-boxed e-con e-parent\" data-id=\"5f7baf6\" data-element_type=\"container\">\n\t\t\t\t\t<div class=\"e-con-inner\">\n\t\t<div class=\"elementor-element elementor-element-64a8054 e-con-full e-flex e-con e-child\" data-id=\"64a8054\" data-element_type=\"container\">\n\t\t<div class=\"elementor-element elementor-element-ffad9e5 e-con-full e-flex e-con e-child\" data-id=\"ffad9e5\" data-element_type=\"container\" data-settings=\"{&quot;background_background&quot;:&quot;classic&quot;}\">\n\t\t\t\t<div class=\"elementor-element elementor-element-1cd892a elementor-position-top elementor-widget elementor-widget-image-box\" data-id=\"1cd892a\" data-element_type=\"widget\" data-widget_type=\"image-box.default\">\n\t\t\t\t<div class=\"elementor-widget-container\">\n\t\t\t\t\t<div class=\"elementor-image-box-wrapper\"><figure class=\"elementor-image-box-img\"><img fetchpriority=\"high\" decoding=\"async\" width=\"625\" height=\"625\" src=\"https:\/\/itiweb.com.br\/agenciadigital\/wp-content\/uploads\/2020\/06\/portfolio1.jpg\" class=\"elementor-animation-grow attachment-full size-full wp-image-1238\" alt=\"\" \/><\/figure><div class=\"elementor-image-box-content\"><h3 class=\"elementor-image-box-title\">Tech Consultoria<\/h3><p class=\"elementor-image-box-description\">Cria\u00e7\u00e3o de landing page otimizada para gera\u00e7\u00e3o de leads, com formul\u00e1rios interativos e an\u00e1lise de dados em tempo real.<\/p><\/div><\/div>\t\t\t\t<\/div>\n\t\t\t\t<\/div>\n\t\t\t\t<\/div>\n\t\t<div class=\"elementor-element elementor-element-4c58dd5 e-con-full e-flex e-con e-child\" data-id=\"4c58dd5\" data-element_type=\"container\" data-settings=\"{&quot;background_background&quot;:&quot;classic&quot;}\">\n\t\t\t\t<div class=\"elementor-element elementor-element-d6b01ac elementor-position-top elementor-widget elementor-widget-image-box\" data-id=\"d6b01ac\" data-element_type=\"widget\" data-widget_type=\"image-box.default\">\n\t\t\t\t<div class=\"elementor-widget-container\">\n\t\t\t\t\t<div class=\"elementor-image-box-wrapper\"><figure class=\"elementor-image-box-img\"><img decoding=\"async\" width=\"625\" height=\"625\" src=\"https:\/\/itiweb.com.br\/agenciadigital\/wp-content\/uploads\/2020\/06\/portfolio2.jpg\" class=\"elementor-animation-grow attachment-full size-full wp-image-1239\" alt=\"\" \/><\/figure><div class=\"elementor-image-box-content\"><h3 class=\"elementor-image-box-title\">Bella Moda Store<\/h3><p class=\"elementor-image-box-description\">Lan\u00e7amento de plataforma de vendas online com gest\u00e3o automatizada de estoque e notifica\u00e7\u00f5es por WhatsApp.<\/p><\/div><\/div>\t\t\t\t<\/div>\n\t\t\t\t<\/div>\n\t\t\t\t<\/div>\n\t\t<div class=\"elementor-element elementor-element-1c67906 e-con-full e-flex e-con e-child\" data-id=\"1c67906\" data-element_type=\"container\" data-settings=\"{&quot;background_background&quot;:&quot;classic&quot;}\">\n\t\t\t\t<div class=\"elementor-element elementor-element-f17e002 elementor-position-top elementor-widget elementor-widget-image-box\" data-id=\"f17e002\" data-element_type=\"widget\" data-widget_type=\"image-box.default\">\n\t\t\t\t<div class=\"elementor-widget-container\">\n\t\t\t\t\t<div class=\"elementor-image-box-wrapper\"><figure class=\"elementor-image-box-img\"><img decoding=\"async\" width=\"625\" height=\"625\" src=\"https:\/\/itiweb.com.br\/agenciadigital\/wp-content\/uploads\/2020\/06\/portfolio3.jpg\" class=\"elementor-animation-grow attachment-full size-full wp-image-1240\" alt=\"\" srcset=\"https:\/\/itiweb.com.br\/agenciadigital\/wp-content\/uploads\/2020\/06\/portfolio3.jpg 625w, https:\/\/itiweb.com.br\/agenciadigital\/wp-content\/uploads\/2020\/06\/portfolio3-300x300.jpg 300w, https:\/\/itiweb.com.br\/agenciadigital\/wp-content\/uploads\/2020\/06\/portfolio3-150x150.jpg 150w\" sizes=\"(max-width: 625px) 100vw, 625px\" \/><\/figure><div class=\"elementor-image-box-content\"><h3 class=\"elementor-image-box-title\">Wave Solu\u00e7\u00f5es<\/h3><p class=\"elementor-image-box-description\">Desenvolvimento de site corporativo responsivo com integra\u00e7\u00e3o de chatbot para suporte ao cliente.<\/p><\/div><\/div>\t\t\t\t<\/div>\n\t\t\t\t<\/div>\n\t\t\t\t<\/div>\n\t\t<div class=\"elementor-element elementor-element-abcc49e e-con-full e-flex e-con e-child\" data-id=\"abcc49e\" data-element_type=\"container\" data-settings=\"{&quot;background_background&quot;:&quot;classic&quot;}\">\n\t\t\t\t<div class=\"elementor-element elementor-element-1949903 elementor-position-top elementor-widget elementor-widget-image-box\" data-id=\"1949903\" data-element_type=\"widget\" data-widget_type=\"image-box.default\">\n\t\t\t\t<div class=\"elementor-widget-container\">\n\t\t\t\t\t<div class=\"elementor-image-box-wrapper\"><figure class=\"elementor-image-box-img\"><img loading=\"lazy\" decoding=\"async\" width=\"625\" height=\"625\" src=\"https:\/\/itiweb.com.br\/agenciadigital\/wp-content\/uploads\/2020\/06\/portfolio4-1.jpg\" class=\"elementor-animation-grow attachment-full size-full wp-image-1248\" alt=\"\" srcset=\"https:\/\/itiweb.com.br\/agenciadigital\/wp-content\/uploads\/2020\/06\/portfolio4-1.jpg 625w, https:\/\/itiweb.com.br\/agenciadigital\/wp-content\/uploads\/2020\/06\/portfolio4-1-300x300.jpg 300w, https:\/\/itiweb.com.br\/agenciadigital\/wp-content\/uploads\/2020\/06\/portfolio4-1-150x150.jpg 150w\" sizes=\"(max-width: 625px) 100vw, 625px\" \/><\/figure><div class=\"elementor-image-box-content\"><h3 class=\"elementor-image-box-title\">Naturais Green<\/h3><p class=\"elementor-image-box-description\">Cria\u00e7\u00e3o de e-commerce com sistema de agendamento para entrega de produtos saud\u00e1veis e personaliza\u00e7\u00e3o de pedidos.<\/p><\/div><\/div>\t\t\t\t<\/div>\n\t\t\t\t<\/div>\n\t\t\t\t<\/div>\n\t\t\t\t<\/div>\n\t\t<div class=\"elementor-element elementor-element-50cc51c e-con-full e-flex e-con e-child\" data-id=\"50cc51c\" data-element_type=\"container\">\n\t\t<div class=\"elementor-element elementor-element-4a9d437 e-con-full e-flex e-con e-child\" data-id=\"4a9d437\" data-element_type=\"container\" data-settings=\"{&quot;background_background&quot;:&quot;classic&quot;}\">\n\t\t\t\t<div class=\"elementor-element elementor-element-7d5b20f elementor-position-top elementor-widget elementor-widget-image-box\" data-id=\"7d5b20f\" data-element_type=\"widget\" data-widget_type=\"image-box.default\">\n\t\t\t\t<div class=\"elementor-widget-container\">\n\t\t\t\t\t<div class=\"elementor-image-box-wrapper\"><figure class=\"elementor-image-box-img\"><img loading=\"lazy\" decoding=\"async\" width=\"625\" height=\"625\" src=\"https:\/\/itiweb.com.br\/agenciadigital\/wp-content\/uploads\/2025\/01\/gym-91849_1920.jpg\" class=\"elementor-animation-grow attachment-full size-full wp-image-2179\" alt=\"\" srcset=\"https:\/\/itiweb.com.br\/agenciadigital\/wp-content\/uploads\/2025\/01\/gym-91849_1920.jpg 625w, https:\/\/itiweb.com.br\/agenciadigital\/wp-content\/uploads\/2025\/01\/gym-91849_1920-300x300.jpg 300w, https:\/\/itiweb.com.br\/agenciadigital\/wp-content\/uploads\/2025\/01\/gym-91849_1920-150x150.jpg 150w\" sizes=\"(max-width: 625px) 100vw, 625px\" \/><\/figure><div class=\"elementor-image-box-content\"><h3 class=\"elementor-image-box-title\">Urban Fit <\/h3><p class=\"elementor-image-box-description\">Lan\u00e7amento de plataforma de vendas online com gest\u00e3o automatizada de estoque e notifica\u00e7\u00f5es por WhatsApp.<\/p><\/div><\/div>\t\t\t\t<\/div>\n\t\t\t\t<\/div>\n\t\t\t\t<\/div>\n\t\t<div class=\"elementor-element elementor-element-fc1f361 e-con-full e-flex e-con e-child\" data-id=\"fc1f361\" data-element_type=\"container\" data-settings=\"{&quot;background_background&quot;:&quot;classic&quot;}\">\n\t\t\t\t<div class=\"elementor-element elementor-element-4d955c6 elementor-position-top elementor-widget elementor-widget-image-box\" data-id=\"4d955c6\" data-element_type=\"widget\" data-widget_type=\"image-box.default\">\n\t\t\t\t<div class=\"elementor-widget-container\">\n\t\t\t\t\t<div class=\"elementor-image-box-wrapper\"><figure class=\"elementor-image-box-img\"><img loading=\"lazy\" decoding=\"async\" width=\"625\" height=\"625\" src=\"https:\/\/itiweb.com.br\/agenciadigital\/wp-content\/uploads\/2025\/01\/avi.png\" class=\"elementor-animation-grow attachment-full size-full wp-image-2194\" alt=\"\" srcset=\"https:\/\/itiweb.com.br\/agenciadigital\/wp-content\/uploads\/2025\/01\/avi.png 625w, https:\/\/itiweb.com.br\/agenciadigital\/wp-content\/uploads\/2025\/01\/avi-300x300.png 300w, https:\/\/itiweb.com.br\/agenciadigital\/wp-content\/uploads\/2025\/01\/avi-150x150.png 150w\" sizes=\"(max-width: 625px) 100vw, 625px\" \/><\/figure><div class=\"elementor-image-box-content\"><h3 class=\"elementor-image-box-title\">Skyline Viagens<\/h3><p class=\"elementor-image-box-description\">Design de identidade visual completa, incluindo logotipo, paleta de cores e materiais promocionais para ag\u00eancias de viagem.<\/p><\/div><\/div>\t\t\t\t<\/div>\n\t\t\t\t<\/div>\n\t\t\t\t<\/div>\n\t\t<div class=\"elementor-element elementor-element-cf9b8bf e-con-full e-flex e-con e-child\" data-id=\"cf9b8bf\" data-element_type=\"container\" data-settings=\"{&quot;background_background&quot;:&quot;classic&quot;}\">\n\t\t\t\t<div class=\"elementor-element elementor-element-a3870a9 elementor-position-top elementor-widget elementor-widget-image-box\" data-id=\"a3870a9\" data-element_type=\"widget\" data-widget_type=\"image-box.default\">\n\t\t\t\t<div class=\"elementor-widget-container\">\n\t\t\t\t\t<div class=\"elementor-image-box-wrapper\"><figure class=\"elementor-image-box-img\"><img loading=\"lazy\" decoding=\"async\" width=\"625\" height=\"625\" src=\"https:\/\/itiweb.com.br\/agenciadigital\/wp-content\/uploads\/2025\/01\/pet.png\" class=\"elementor-animation-grow attachment-full size-full wp-image-2195\" alt=\"\" srcset=\"https:\/\/itiweb.com.br\/agenciadigital\/wp-content\/uploads\/2025\/01\/pet.png 625w, https:\/\/itiweb.com.br\/agenciadigital\/wp-content\/uploads\/2025\/01\/pet-300x300.png 300w, https:\/\/itiweb.com.br\/agenciadigital\/wp-content\/uploads\/2025\/01\/pet-150x150.png 150w\" sizes=\"(max-width: 625px) 100vw, 625px\" \/><\/figure><div class=\"elementor-image-box-content\"><h3 class=\"elementor-image-box-title\">PetCare Online<\/h3><p class=\"elementor-image-box-description\">Desenvolvimento de plataforma de agendamento de consultas veterin\u00e1rias com sistema de notifica\u00e7\u00e3o por SMS e integra\u00e7\u00e3o com carteira digital.<\/p><\/div><\/div>\t\t\t\t<\/div>\n\t\t\t\t<\/div>\n\t\t\t\t<\/div>\n\t\t<div class=\"elementor-element elementor-element-64f4526 e-con-full e-flex e-con e-child\" data-id=\"64f4526\" data-element_type=\"container\" data-settings=\"{&quot;background_background&quot;:&quot;classic&quot;}\">\n\t\t\t\t<div class=\"elementor-element elementor-element-cd3e868 elementor-position-top elementor-widget elementor-widget-image-box\" data-id=\"cd3e868\" data-element_type=\"widget\" data-widget_type=\"image-box.default\">\n\t\t\t\t<div class=\"elementor-widget-container\">\n\t\t\t\t\t<div class=\"elementor-image-box-wrapper\"><figure class=\"elementor-image-box-img\"><img loading=\"lazy\" decoding=\"async\" width=\"625\" height=\"625\" src=\"https:\/\/itiweb.com.br\/agenciadigital\/wp-content\/uploads\/2025\/01\/pexels-636238602-30208654.jpg\" class=\"elementor-animation-grow attachment-full size-full wp-image-2180\" alt=\"\" srcset=\"https:\/\/itiweb.com.br\/agenciadigital\/wp-content\/uploads\/2025\/01\/pexels-636238602-30208654.jpg 625w, https:\/\/itiweb.com.br\/agenciadigital\/wp-content\/uploads\/2025\/01\/pexels-636238602-30208654-300x300.jpg 300w, https:\/\/itiweb.com.br\/agenciadigital\/wp-content\/uploads\/2025\/01\/pexels-636238602-30208654-150x150.jpg 150w\" sizes=\"(max-width: 625px) 100vw, 625px\" \/><\/figure><div class=\"elementor-image-box-content\"><h3 class=\"elementor-image-box-title\">Gourmet Sabor<\/h3><p class=\"elementor-image-box-description\">Cria\u00e7\u00e3o de e-commerce com sistema de agendamento para entrega de produtos saud\u00e1veis e personaliza\u00e7\u00e3o de pedidos.<\/p><\/div><\/div>\t\t\t\t<\/div>\n\t\t\t\t<\/div>\n\t\t\t\t<\/div>\n\t\t\t\t<\/div>\n\t\t\t\t\t<\/div>\n\t\t\t\t<\/div>\n\t\t\t\t<\/div>\n\t\t","protected":false},"excerpt":{"rendered":"<p>Conhe\u00e7a e explore alguns de nossos trabalhos\u00a0 Tech Consultoria Cria\u00e7\u00e3o de landing page otimizada para gera\u00e7\u00e3o de leads, com formul\u00e1rios interativos e an\u00e1lise de dados em tempo real. Bella Moda Store Lan\u00e7amento de plataforma de vendas online com gest\u00e3o automatizada de estoque e notifica\u00e7\u00f5es por WhatsApp. Wave Solu\u00e7\u00f5es Desenvolvimento de site corporativo responsivo com integra\u00e7\u00e3o [&hellip;]<\/p>\n","protected":false},"author":1,"featured_media":0,"parent":0,"menu_order":0,"comment_status":"closed","ping_status":"closed","template":"","meta":{"site-sidebar-layout":"no-sidebar","site-content-layout":"page-builder","ast-site-content-layout":"full-width-container","site-content-style":"default","site-sidebar-style":"default","ast-global-header-display":"","ast-banner-title-visibility":"","ast-main-header-display":"","ast-hfb-above-header-display":"","ast-hfb-below-header-display":"","ast-hfb-mobile-header-display":"","site-post-title":"disabled","ast-breadcrumbs-content":"","ast-featured-img":"disabled","footer-sml-layout":"","theme-transparent-header-meta":"","adv-header-id-meta":"","stick-header-meta":"","header-above-stick-meta":"","header-main-stick-meta":"","header-below-stick-meta":"","astra-migrate-meta-layouts":"set","ast-page-background-enabled":"default","ast-page-background-meta":{"desktop":{"background-color":"","background-image":"","background-repeat":"repeat","background-position":"center center","background-size":"auto","background-attachment":"scroll","background-type":"","background-media":"","overlay-type":"","overlay-color":"","overlay-opacity":"","overlay-gradient":""},"tablet":{"background-color":"","background-image":"","background-repeat":"repeat","background-position":"center center","background-size":"auto","background-attachment":"scroll","background-type":"","background-media":"","overlay-type":"","overlay-color":"","overlay-opacity":"","overlay-gradient":""},"mobile":{"background-color":"","background-image":"","background-repeat":"repeat","background-position":"center center","background-size":"auto","background-attachment":"scroll","background-type":"","background-media":"","overlay-type":"","overlay-color":"","overlay-opacity":"","overlay-gradient":""}},"ast-content-background-meta":{"desktop":{"background-color":"var(--ast-global-color-5)","background-image":"","background-repeat":"repeat","background-position":"center center","background-size":"auto","background-attachment":"scroll","background-type":"","background-media":"","overlay-type":"","overlay-color":"","overlay-opacity":"","overlay-gradient":""},"tablet":{"background-color":"var(--ast-global-color-5)","background-image":"","background-repeat":"repeat","background-position":"center center","background-size":"auto","background-attachment":"scroll","background-type":"","background-media":"","overlay-type":"","overlay-color":"","overlay-opacity":"","overlay-gradient":""},"mobile":{"background-color":"var(--ast-global-color-5)","background-image":"","background-repeat":"repeat","background-position":"center center","background-size":"auto","background-attachment":"scroll","background-type":"","background-media":"","overlay-type":"","overlay-color":"","overlay-opacity":"","overlay-gradient":""}},"footnotes":""},"class_list":["post-2137","page","type-page","status-publish","hentry"],"_links":{"self":[{"href":"https:\/\/itiweb.com.br\/agenciadigital\/wp-json\/wp\/v2\/pages\/2137","targetHints":{"allow":["GET"]}}],"collection":[{"href":"https:\/\/itiweb.com.br\/agenciadigital\/wp-json\/wp\/v2\/pages"}],"about":[{"href":"https:\/\/itiweb.com.br\/agenciadigital\/wp-json\/wp\/v2\/types\/page"}],"author":[{"embeddable":true,"href":"https:\/\/itiweb.com.br\/agenciadigital\/wp-json\/wp\/v2\/users\/1"}],"replies":[{"embeddable":true,"href":"https:\/\/itiweb.com.br\/agenciadigital\/wp-json\/wp\/v2\/comments?post=2137"}],"version-history":[{"count":40,"href":"https:\/\/itiweb.com.br\/agenciadigital\/wp-json\/wp\/v2\/pages\/2137\/revisions"}],"predecessor-version":[{"id":2214,"href":"https:\/\/itiweb.com.br\/agenciadigital\/wp-json\/wp\/v2\/pages\/2137\/revisions\/2214"}],"wp:attachment":[{"href":"https:\/\/itiweb.com.br\/agenciadigital\/wp-json\/wp\/v2\/media?parent=2137"}],"curies":[{"name":"wp","href":"https:\/\/api.w.org\/{rel}","templated":true}]}}